{"id":1160,"date":"2020-02-12T14:45:46","date_gmt":"2020-02-12T13:45:46","guid":{"rendered":"http:\/\/www.rebilrent.com\/en\/?page_id=1160"},"modified":"2022-04-21T16:54:47","modified_gmt":"2022-04-21T14:54:47","slug":"rebil-rent","status":"publish","type":"page","link":"https:\/\/www.rebilrent.com\/en\/rebil-rent\/","title":{"rendered":"Our Company"},"content":{"rendered":"<p><div class=\"fusion-fullwidth fullwidth-box fusion-builder-row-1 fusion-parallax-none nonhundred-percent-fullwidth hundred-percent-height hundred-percent-height-center-content non-hundred-percent-height-scrolling fusion-equal-height-columns fusion-no-small-visibility fusion-no-medium-visibility\" style=\"--awb-background-position:right bottom;--awb-border-radius-top-left:0px;--awb-border-radius-top-right:0px;--awb-border-radius-bottom-right:0px;--awb-border-radius-bottom-left:0px;--awb-padding-top:190px;--awb-padding-bottom:40px;--awb-background-image:url(&quot;http:\/\/www.rebilrent.com\/en\/wp-content\/uploads\/sites\/3\/2022\/01\/alquiler-furgonetas.jpg&quot;);--awb-background-size:cover;--awb-flex-wrap:wrap;\" ><div class=\"fusion-fullwidth-center-content\"><div class=\"fusion-builder-row fusion-row\"><div class=\"fusion-layout-column fusion_builder_column fusion-builder-column-0 fusion_builder_column_1_2 1_2 fusion-one-half fusion-column-first fusion-animated\" style=\"--awb-bg-size:cover;width:50%;width:calc(50% - ( ( 4% ) * 0.5 ) );margin-right: 4%;\" data-animationType=\"fadeInLeft\" data-animationDuration=\"0.6\" data-animationOffset=\"top-into-view\"><div class=\"fusion-column-wrapper fusion-flex-column-wrapper-legacy\"><div class=\"fusion-column-content-centered\"><div class=\"fusion-column-content\"><div class=\"fusion-sep-clear\"><\/div><div class=\"fusion-separator fusion-no-large-visibility fusion-full-width-sep\" style=\"margin-left: auto;margin-right: auto;margin-top:30px;width:100%;\"><\/div><div class=\"fusion-sep-clear\"><\/div><div class=\"fusion-title title fusion-title-1 fusion-sep-none fusion-title-text fusion-title-size-one\" style=\"--awb-text-color:#ffffff;--awb-margin-bottom:10px;--awb-margin-top-small:0px;--awb-margin-right-small:0px;--awb-margin-bottom-small:20px;--awb-margin-left-small:0px;\"><h1 class=\"fusion-title-heading title-heading-left fusion-responsive-typography-calculated\" style=\"margin:0;--fontSize:60;line-height:1.4;\">The vehicle you need<\/h1><\/div><div class=\"fusion-text fusion-text-1\" style=\"--awb-text-transform:none;\"><p><span style=\"color: #ffffff; font-size: 30px; line-height: 30px;\">We deliver it wherever you want.<\/span><\/p>\n<\/div><div class=\"fusion-sep-clear\"><\/div><div class=\"fusion-separator fusion-full-width-sep\" style=\"margin-left: auto;margin-right: auto;margin-top:25px;width:100%;\"><\/div><div class=\"fusion-sep-clear\"><\/div><\/div><\/div><div class=\"fusion-clearfix\"><\/div><\/div><\/div><div class=\"fusion-layout-column fusion_builder_column fusion-builder-column-1 fusion_builder_column_1_2 1_2 fusion-one-half fusion-column-last fusion-animated\" style=\"--awb-padding-top:5px;--awb-padding-right:40px;--awb-padding-bottom:5px;--awb-padding-left:40px;--awb-bg-color:rgba(255,255,255,0.9);--awb-bg-color-hover:rgba(255,255,255,0.9);--awb-bg-size:cover;--awb-border-color:#eaeaea;--awb-border-top:0;--awb-border-right:0;--awb-border-bottom:0;--awb-border-left:0;--awb-border-style:solid;width:50%;width:calc(50% - ( ( 4% ) * 0.5 ) );\" data-animationType=\"fadeInUp\" data-animationDuration=\"0.6\" data-animationOffset=\"top-into-view\"><div class=\"fusion-column-wrapper fusion-column-has-shadow fusion-flex-column-wrapper-legacy\"><div class=\"fusion-column-content-centered\"><div class=\"fusion-column-content\"><div class=\"fusion-title title fusion-title-2 fusion-sep-none fusion-title-center fusion-title-text fusion-title-size-four\" style=\"--awb-margin-top-small:0px;--awb-margin-right-small:0px;--awb-margin-bottom-small:20px;--awb-margin-left-small:0px;\"><h4 class=\"fusion-title-heading title-heading-center fusion-responsive-typography-calculated\" style=\"margin:0;--fontSize:21;--minFontSize:21;line-height:1.5;\">Consulte ahora los veh\u00edculos disponibles<\/h4><\/div><div class=\"fusion-text fusion-text-2\" style=\"--awb-text-transform:none;\"><p style=\"text-align: center;\"><span style=\"color: #000000;\">Conozca al momento nuestras tarifas<\/span><\/p>\n<\/div><div class=\"fusion-text fusion-text-3\" style=\"--awb-text-transform:none;\"><div align=\"center\"><iframe style=\"width: 100%; height: 525px;\" src=\"https:\/\/reservas.rebilrent.com\/?search=1&amp;cookie=1&amp;idioma=en\" width=\"300\" height=\"150\" frameborder=\"0\" scrolling=\"no\"><br \/>\n<\/iframe><\/div>\n<\/div><\/div><\/div><div class=\"fusion-clearfix\"><\/div><\/div><\/div><\/div><\/div><\/div>\n<div class=\"fusion-fullwidth fullwidth-box fusion-builder-row-2 fusion-parallax-none nonhundred-percent-fullwidth hundred-percent-height hundred-percent-height-center-content non-hundred-percent-height-scrolling fusion-equal-height-columns fusion-no-large-visibility\" style=\"--awb-background-position:right bottom;--awb-border-radius-top-left:0px;--awb-border-radius-top-right:0px;--awb-border-radius-bottom-right:0px;--awb-border-radius-bottom-left:0px;--awb-padding-top:190px;--awb-padding-bottom:40px;--awb-background-image:url(&quot;http:\/\/www.rebilrent.com\/en\/wp-content\/uploads\/sites\/3\/2022\/01\/alquiler-furgonetas.jpg&quot;);--awb-background-size:cover;--awb-flex-wrap:wrap;\" ><div class=\"fusion-fullwidth-center-content\"><div class=\"fusion-builder-row fusion-row\"><div class=\"fusion-layout-column fusion_builder_column fusion-builder-column-2 fusion_builder_column_1_2 1_2 fusion-one-half fusion-column-first\" style=\"--awb-bg-size:cover;width:50%;width:calc(50% - ( ( 4% ) * 0.5 ) );margin-right: 4%;\"><div class=\"fusion-column-wrapper fusion-column-has-shadow fusion-flex-column-wrapper-legacy\"><div class=\"fusion-column-content-centered\"><div class=\"fusion-column-content\"><div class=\"fusion-sep-clear\"><\/div><div class=\"fusion-separator fusion-no-large-visibility fusion-full-width-sep\" style=\"margin-left: auto;margin-right: auto;margin-top:30px;width:100%;\"><\/div><div class=\"fusion-sep-clear\"><\/div><div class=\"fusion-title title fusion-title-3 fusion-sep-none fusion-title-text fusion-title-size-one\" style=\"--awb-text-color:#ffffff;--awb-margin-bottom:10px;--awb-margin-top-small:0px;--awb-margin-right-small:0px;--awb-margin-bottom-small:20px;--awb-margin-left-small:0px;\"><h1 class=\"fusion-title-heading title-heading-left fusion-responsive-typography-calculated\" style=\"margin:0;--fontSize:60;line-height:1.4;\">The vehicle you need<\/h1><\/div><div class=\"fusion-text fusion-text-4\" style=\"--awb-text-transform:none;\"><p><span style=\"color: #ffffff; font-size: 30px; line-height: 30px;\">We deliver it wherever you want.<\/span><\/p>\n<\/div><div class=\"fusion-sep-clear\"><\/div><div class=\"fusion-separator fusion-full-width-sep\" style=\"margin-left: auto;margin-right: auto;margin-top:25px;width:100%;\"><\/div><div class=\"fusion-sep-clear\"><\/div><\/div><\/div><div class=\"fusion-clearfix\"><\/div><\/div><\/div><div class=\"fusion-layout-column fusion_builder_column fusion-builder-column-3 fusion_builder_column_1_2 1_2 fusion-one-half fusion-column-last fusion-animated\" style=\"--awb-padding-top:5px;--awb-padding-right:40px;--awb-padding-bottom:5px;--awb-padding-left:40px;--awb-bg-color:rgba(255,255,255,0.82);--awb-bg-color-hover:rgba(255,255,255,0.82);--awb-bg-size:cover;--awb-border-color:#eaeaea;--awb-border-top:0;--awb-border-right:0;--awb-border-bottom:0;--awb-border-left:0;--awb-border-style:solid;width:50%;width:calc(50% - ( ( 4% ) * 0.5 ) );\" data-animationType=\"fadeInUp\" data-animationDuration=\"0.6\" data-animationOffset=\"top-into-view\"><div class=\"fusion-column-wrapper fusion-column-has-shadow fusion-flex-column-wrapper-legacy\"><div class=\"fusion-column-content-centered\"><div class=\"fusion-column-content\"><div class=\"fusion-title title fusion-title-4 fusion-sep-none fusion-title-center fusion-title-text fusion-title-size-four\" style=\"--awb-margin-top-small:0px;--awb-margin-right-small:0px;--awb-margin-bottom-small:20px;--awb-margin-left-small:0px;\"><h4 class=\"fusion-title-heading title-heading-center fusion-responsive-typography-calculated\" style=\"margin:0;--fontSize:21;--minFontSize:21;line-height:1.5;\">Consulte ahora los veh\u00edculos disponibles<\/h4><\/div><div class=\"fusion-text fusion-text-5\" style=\"--awb-text-transform:none;\"><p style=\"text-align: center;\"><span style=\"color: #000000;\">Conozca al momento nuestras tarifas<\/span><\/p>\n<\/div><div class=\"fusion-text fusion-text-6\" style=\"--awb-text-transform:none;\"><div align=\"center\"><iframe style=\"width: 100%; height: 525px;\" src=\"https:\/\/reservas.rebilrent.com\/?search=1&amp;cookie=1&amp;idioma=es\" width=\"300\" height=\"150\" frameborder=\"0\" scrolling=\"no\"><br \/>\n<\/iframe><\/div>\n<\/div><\/div><\/div><div class=\"fusion-clearfix\"><\/div><\/div><\/div><\/div><\/div><\/div>\n<div class=\"fusion-fullwidth fullwidth-box fusion-builder-row-3 nonhundred-percent-fullwidth non-hundred-percent-height-scrolling\" style=\"--awb-border-radius-top-left:0px;--awb-border-radius-top-right:0px;--awb-border-radius-bottom-right:0px;--awb-border-radius-bottom-left:0px;--awb-margin-bottom:20px;--awb-flex-wrap:wrap;\" ><div class=\"fusion-builder-row fusion-row\"><div class=\"fusion-layout-column fusion_builder_column fusion-builder-column-4 fusion_builder_column_1_1 1_1 fusion-one-full fusion-column-first fusion-column-last\" style=\"--awb-bg-size:cover;\"><div class=\"fusion-column-wrapper fusion-column-has-shadow fusion-flex-column-wrapper-legacy\"><div class=\"fusion-title title fusion-title-5 fusion-sep-none fusion-title-text fusion-title-size-one\" style=\"--awb-margin-top-small:0px;--awb-margin-right-small:0px;--awb-margin-bottom-small:20px;--awb-margin-left-small:0px;\"><h1 class=\"fusion-title-heading title-heading-left fusion-responsive-typography-calculated\" style=\"margin:0;--fontSize:60;line-height:1.4;\"><h2>Our Company<\/h2><\/h1><\/div><div class=\"fusion-text fusion-text-7\" style=\"--awb-text-transform:none;\"><p>In 1991, the company Renda Mobil SL was born in Vilafranca del Pened\u00e8s (Barcelona), which will be known as REBIL.<\/p>\n<p>The founders, Eleuteri Jos\u00e9, Joan Parellada and Vicen\u00e7 Parellada, started the car rental activity in the Alt Pened\u00e8s area, modestly with two cars and three vans.<\/p>\n<p>In 1992, the company changed the location of its office to improve its service by making it more accessible to customers, a perfect spot for access to and from the city.<\/p>\n<p>It increases the fleet of cars and vans, collaborating with hotels, campsites, rural houses and car dealers in the area, expanding its service area to much of the Costa Daurada, Comarruga (Vendrell), Calafell, Cunit, Vilanova i la Geltru, Sitges, Salou and Cambrils.<\/p>\n<p>Being so, in a short time, a company recognized in its area and recommended to the sector.<\/p>\n<p>In 1999, it is again a year of change, Vicen\u00e7 Parellada takes over the position as manager, the location of the company is changed again and the office is expanded with a car exhibition for sale, thus creating the shop for the renovation of their own rental cars, known as REBOC (REBIL occasion), located on Av. Barcelona 77BIS of the same town, Vilafranca.<\/p>\n<p>In 2002\/2003, REBIL expanded its activity to the same population and created an ironing and bodywork workshop, which will be known as REPLA (REBIL ironing). Intended, as the name implies, for the repair of iron and the construction of bodies, access for customers and for the company&#8217;s own vehicles.<\/p>\n<p>In collaboration with different automotive dealers, it offers its rental services in: Vilanova i la Geltr\u00fa (Peugeot), Cornella (Mercedes-Benz), Tadadell (Seat), Puigcerd\u00e0 (Ford) El Vendrell (Volkswagen, Nissan, Peugeot).<\/p>\n<p>In 2004, REBIL opened a car rental office at Carrer Val\u00e8ncia no. 4 (Barcelona), close to Sants station. At that time REBIL had a fleet of about 100 vehicles.<\/p>\n<p>In 2007, Renda Mobil is preparing to expand its project, providing the rental service to more towns in Catalonia. At the end of the same year, REBIL moved to a new office in the same city, specifically at Carrer Bonastre n\u00ba 7 Pol. Ind. Domenys l, this being the final to date, which has larger dimensions for exposure of future vehicles available for sale that prevent generating in the renewal of its rental fleet.<\/p>\n<p>In 2008, faced with the situation of the crisis, the founding partners unanimously decided to curb the intentions of the project, facing this crisis by reducing much of the company.<\/p>\n<p>We are currently providing our service with a smaller volume with the utmost professionalism, seriousness and responsibility, committing ourselves to our customers and collaborators every day, in the area of \u200b\u200bAlt Penedes, Baix Penedes and Garraf.<\/p>\n<p>This is our company. We have gone through different stages for more than 30 years, always trying to learn and giving our customers the best service.<\/p>\n<p>From here, we would like to thank all the people who have put their trust in us, we wish to continue to offer our services and continue to earn the trust of future new customers for many more years.<\/p>\n<\/div><div class=\"fusion-title title fusion-title-6 fusion-sep-none fusion-title-text fusion-title-size-one\" style=\"--awb-margin-top-small:0px;--awb-margin-right-small:0px;--awb-margin-bottom-small:20px;--awb-margin-left-small:0px;\"><h1 class=\"fusion-title-heading title-heading-left fusion-responsive-typography-calculated\" style=\"margin:0;--fontSize:60;line-height:1.4;\"><h2>Location<\/h2><\/h1><\/div><iframe src=\"https:\/\/www.google.com\/maps\/embed?pb=!1m14!1m8!1m3!1d23965.05375742703!2d1.682619!3d41.338621!3m2!1i1024!2i768!4f13.1!3m3!1m2!1s0x12a479e4767f0075%3A0x1f63aebfed267d28!2sCarrer%20Bonastre%2C%207%2C%2008720%20Vilafranca%20del%20Pened%C3%A8s%2C%20Barcelona%2C%20Espa%C3%B1a!5e0!3m2!1ses!2sus!4v1643802595745!5m2!1ses!2sus\" width=\"100%\" height=\"450\" style=\"border:0;\" allowfullscreen=\"\" loading=\"lazy\"><\/iframe><div class=\"fusion-text fusion-text-8\" style=\"--awb-text-transform:none;\"><p>C\/ Bonastre, 7 (P.I. Domenys I)<br \/>\n08720 &#8211; Vilafranca del Pened\u00e8s (Barcelona)<br \/>\nTel\u00e9fono: 93 817 25 17<br \/>\nFax: 938 906 086<br \/>\nEmail:\u00a0<a class=\"link_mail\" href=\"mailto:info@rebilrent.com\">info@rebilrent.com<\/a><\/p>\n<\/div><div class=\"fusion-clearfix\"><\/div><\/div><\/div><\/div><\/div><div class=\"fusion-fullwidth fullwidth-box fusion-builder-row-4 fusion-parallax-none nonhundred-percent-fullwidth non-hundred-percent-height-scrolling fusion-equal-height-columns\" style=\"--awb-border-radius-top-left:0px;--awb-border-radius-top-right:0px;--awb-border-radius-bottom-right:0px;--awb-border-radius-bottom-left:0px;--awb-padding-top:60px;--awb-padding-bottom:60px;--awb-margin-bottom:45px;--awb-background-image:url(&quot;http:\/\/www.rebilrent.com\/en\/wp-content\/uploads\/sites\/3\/2022\/01\/furgonetas-rebil-scaled.jpg&quot;);--awb-background-size:cover;--awb-flex-wrap:wrap;\" ><div class=\"fusion-builder-row fusion-row\"><div class=\"fusion-layout-column fusion_builder_column fusion-builder-column-5 fusion_builder_column_2_3 2_3 fusion-two-third fusion-column-first fusion-animated\" style=\"--awb-padding-bottom:30px;--awb-bg-size:cover;width:66.666666666667%;width:calc(66.666666666667% - ( ( 4% ) * 0.66666666666667 ) );margin-right: 4%;\" data-animationType=\"fadeInLeft\" data-animationDuration=\"0.6\" data-animationOffset=\"top-into-view\"><div class=\"fusion-column-wrapper fusion-flex-column-wrapper-legacy\"><div class=\"fusion-column-content-centered\"><div class=\"fusion-column-content\"><div class=\"fusion-title title fusion-title-7 fusion-sep-none fusion-title-text fusion-title-size-two\" style=\"--awb-text-color:#ffffff;--awb-margin-bottom:0px;--awb-margin-top-small:0px;--awb-margin-right-small:0px;--awb-margin-bottom-small:20px;--awb-margin-left-small:0px;\"><h2 class=\"fusion-title-heading title-heading-left fusion-responsive-typography-calculated\" style=\"margin:0;--fontSize:40;line-height:1.5;\">Telephone support<\/h2><\/div><div class=\"fusion-title title fusion-title-8 fusion-sep-none fusion-title-text fusion-title-size-three\" style=\"--awb-text-color:#ffffff;--awb-margin-bottom:0px;--awb-margin-top-small:0px;--awb-margin-right-small:0px;--awb-margin-bottom-small:20px;--awb-margin-left-small:0px;--awb-font-size:21px;\"><h3 class=\"fusion-title-heading title-heading-left fusion-responsive-typography-calculated\" style=\"margin:0;font-size:1em;--fontSize:21;--minFontSize:21;line-height:1.5;\">We will be happy to answer any questions you may have.<\/h3><\/div><\/div><\/div><div class=\"fusion-clearfix\"><\/div><\/div><\/div><div class=\"fusion-layout-column fusion_builder_column fusion-builder-column-6 fusion_builder_column_1_3 1_3 fusion-one-third fusion-column-last fusion-animated\" style=\"--awb-bg-size:cover;width:33.333333333333%;width:calc(33.333333333333% - ( ( 4% ) * 0.33333333333333 ) );\" data-animationType=\"fadeInRight\" data-animationDuration=\"0.6\" data-animationOffset=\"top-into-view\"><div class=\"fusion-column-wrapper fusion-flex-column-wrapper-legacy\"><div class=\"fusion-column-content-centered\"><div class=\"fusion-column-content\"><ul style=\"--awb-line-height:51px;--awb-icon-width:51px;--awb-icon-height:51px;--awb-icon-margin:21px;--awb-content-margin:72px;\" class=\"fusion-checklist fusion-checklist-1 fusion-checklist-default type-icons\"><li class=\"fusion-li-item\" style=\"\"><span class=\"icon-wrapper circle-no\"><i class=\"fusion-li-icon fa-phone fas\" aria-hidden=\"true\"><\/i><\/span><div class=\"fusion-li-item-content\"><a href=\"tel:938172517\"><span style=\"color: #ffffff;\">938172517<\/span><\/a><\/div><\/li><\/ul><\/div><\/div><div class=\"fusion-clearfix\"><\/div><\/div><\/div><\/div><\/div>\n<\/p>\n","protected":false},"excerpt":{"rendered":"","protected":false},"author":1,"featured_media":0,"parent":0,"menu_order":0,"comment_status":"closed","ping_status":"closed","template":"100-width.php","meta":{"_joinchat":[],"footnotes":""},"class_list":["post-1160","page","type-page","status-publish","hentry"],"yoast_head":"<!-- This site is optimized with the Yoast SEO plugin v27.6 - https:\/\/yoast.com\/product\/yoast-seo-wordpress\/ -->\n<title>Our Company - Rebil Rent en<\/title>\n<meta name=\"robots\" content=\"index, follow, max-snippet:-1, max-image-preview:large, max-video-preview:-1\" \/>\n<link rel=\"canonical\" href=\"https:\/\/www.rebilrent.com\/en\/rebil-rent\/\" \/>\n<meta property=\"og:locale\" content=\"en_US\" \/>\n<meta property=\"og:type\" content=\"article\" \/>\n<meta property=\"og:title\" content=\"Our Company - Rebil Rent en\" \/>\n<meta property=\"og:url\" content=\"https:\/\/www.rebilrent.com\/en\/rebil-rent\/\" \/>\n<meta property=\"og:site_name\" content=\"Rebil Rent en\" \/>\n<meta property=\"article:modified_time\" content=\"2022-04-21T14:54:47+00:00\" \/>\n<meta name=\"twitter:card\" content=\"summary_large_image\" \/>\n<meta name=\"twitter:label1\" content=\"Est. reading time\" \/>\n\t<meta name=\"twitter:data1\" content=\"11 minutes\" \/>\n<script type=\"application\/ld+json\" class=\"yoast-schema-graph\">{\"@context\":\"https:\\\/\\\/schema.org\",\"@graph\":[{\"@type\":\"WebPage\",\"@id\":\"https:\\\/\\\/www.rebilrent.com\\\/en\\\/rebil-rent\\\/\",\"url\":\"https:\\\/\\\/www.rebilrent.com\\\/en\\\/rebil-rent\\\/\",\"name\":\"Our Company - Rebil Rent en\",\"isPartOf\":{\"@id\":\"https:\\\/\\\/www.rebilrent.com\\\/en\\\/#website\"},\"datePublished\":\"2020-02-12T13:45:46+00:00\",\"dateModified\":\"2022-04-21T14:54:47+00:00\",\"breadcrumb\":{\"@id\":\"https:\\\/\\\/www.rebilrent.com\\\/en\\\/rebil-rent\\\/#breadcrumb\"},\"inLanguage\":\"en-US\",\"potentialAction\":[{\"@type\":\"ReadAction\",\"target\":[\"https:\\\/\\\/www.rebilrent.com\\\/en\\\/rebil-rent\\\/\"]}]},{\"@type\":\"BreadcrumbList\",\"@id\":\"https:\\\/\\\/www.rebilrent.com\\\/en\\\/rebil-rent\\\/#breadcrumb\",\"itemListElement\":[{\"@type\":\"ListItem\",\"position\":1,\"name\":\"Portada\",\"item\":\"https:\\\/\\\/www.rebilrent.com\\\/en\\\/\"},{\"@type\":\"ListItem\",\"position\":2,\"name\":\"Our Company\"}]},{\"@type\":\"WebSite\",\"@id\":\"https:\\\/\\\/www.rebilrent.com\\\/en\\\/#website\",\"url\":\"https:\\\/\\\/www.rebilrent.com\\\/en\\\/\",\"name\":\"Rebil Rent en\",\"description\":\"Rebilrent\",\"potentialAction\":[{\"@type\":\"SearchAction\",\"target\":{\"@type\":\"EntryPoint\",\"urlTemplate\":\"https:\\\/\\\/www.rebilrent.com\\\/en\\\/?s={search_term_string}\"},\"query-input\":{\"@type\":\"PropertyValueSpecification\",\"valueRequired\":true,\"valueName\":\"search_term_string\"}}],\"inLanguage\":\"en-US\"}]}<\/script>\n<!-- \/ Yoast SEO plugin. -->","yoast_head_json":{"title":"Our Company - Rebil Rent en","robots":{"index":"index","follow":"follow","max-snippet":"max-snippet:-1","max-image-preview":"max-image-preview:large","max-video-preview":"max-video-preview:-1"},"canonical":"https:\/\/www.rebilrent.com\/en\/rebil-rent\/","og_locale":"en_US","og_type":"article","og_title":"Our Company - Rebil Rent en","og_url":"https:\/\/www.rebilrent.com\/en\/rebil-rent\/","og_site_name":"Rebil Rent en","article_modified_time":"2022-04-21T14:54:47+00:00","twitter_card":"summary_large_image","twitter_misc":{"Est. reading time":"11 minutes"},"schema":{"@context":"https:\/\/schema.org","@graph":[{"@type":"WebPage","@id":"https:\/\/www.rebilrent.com\/en\/rebil-rent\/","url":"https:\/\/www.rebilrent.com\/en\/rebil-rent\/","name":"Our Company - Rebil Rent en","isPartOf":{"@id":"https:\/\/www.rebilrent.com\/en\/#website"},"datePublished":"2020-02-12T13:45:46+00:00","dateModified":"2022-04-21T14:54:47+00:00","breadcrumb":{"@id":"https:\/\/www.rebilrent.com\/en\/rebil-rent\/#breadcrumb"},"inLanguage":"en-US","potentialAction":[{"@type":"ReadAction","target":["https:\/\/www.rebilrent.com\/en\/rebil-rent\/"]}]},{"@type":"BreadcrumbList","@id":"https:\/\/www.rebilrent.com\/en\/rebil-rent\/#breadcrumb","itemListElement":[{"@type":"ListItem","position":1,"name":"Portada","item":"https:\/\/www.rebilrent.com\/en\/"},{"@type":"ListItem","position":2,"name":"Our Company"}]},{"@type":"WebSite","@id":"https:\/\/www.rebilrent.com\/en\/#website","url":"https:\/\/www.rebilrent.com\/en\/","name":"Rebil Rent en","description":"Rebilrent","potentialAction":[{"@type":"SearchAction","target":{"@type":"EntryPoint","urlTemplate":"https:\/\/www.rebilrent.com\/en\/?s={search_term_string}"},"query-input":{"@type":"PropertyValueSpecification","valueRequired":true,"valueName":"search_term_string"}}],"inLanguage":"en-US"}]}},"_links":{"self":[{"href":"https:\/\/www.rebilrent.com\/en\/wp-json\/wp\/v2\/pages\/1160","targetHints":{"allow":["GET"]}}],"collection":[{"href":"https:\/\/www.rebilrent.com\/en\/wp-json\/wp\/v2\/pages"}],"about":[{"href":"https:\/\/www.rebilrent.com\/en\/wp-json\/wp\/v2\/types\/page"}],"author":[{"embeddable":true,"href":"https:\/\/www.rebilrent.com\/en\/wp-json\/wp\/v2\/users\/1"}],"replies":[{"embeddable":true,"href":"https:\/\/www.rebilrent.com\/en\/wp-json\/wp\/v2\/comments?post=1160"}],"version-history":[{"count":29,"href":"https:\/\/www.rebilrent.com\/en\/wp-json\/wp\/v2\/pages\/1160\/revisions"}],"predecessor-version":[{"id":2190,"href":"https:\/\/www.rebilrent.com\/en\/wp-json\/wp\/v2\/pages\/1160\/revisions\/2190"}],"wp:attachment":[{"href":"https:\/\/www.rebilrent.com\/en\/wp-json\/wp\/v2\/media?parent=1160"}],"curies":[{"name":"wp","href":"https:\/\/api.w.org\/{rel}","templated":true}]}}