{"id":1168,"date":"2020-02-12T15:04:01","date_gmt":"2020-02-12T14:04:01","guid":{"rendered":"http:\/\/www.rebilrent.com\/en\/?page_id=1168"},"modified":"2022-04-20T20:32:30","modified_gmt":"2022-04-20T18:32:30","slug":"general-conditions","status":"publish","type":"page","link":"https:\/\/www.rebilrent.com\/en\/general-conditions\/","title":{"rendered":"General conditions"},"content":{"rendered":"<div class=\"fusion-fullwidth fullwidth-box fusion-builder-row-1 nonhundred-percent-fullwidth non-hundred-percent-height-scrolling\" style=\"--awb-border-radius-top-left:0px;--awb-border-radius-top-right:0px;--awb-border-radius-bottom-right:0px;--awb-border-radius-bottom-left:0px;--awb-margin-top:145px;--awb-flex-wrap:wrap;\" ><div class=\"fusion-builder-row fusion-row\"><div class=\"fusion-layout-column fusion_builder_column fusion-builder-column-0 fusion_builder_column_1_1 1_1 fusion-one-full fusion-column-first fusion-column-last\" style=\"--awb-bg-size:cover;\"><div class=\"fusion-column-wrapper fusion-flex-column-wrapper-legacy\"><div class=\"fusion-text fusion-text-1\" style=\"--awb-text-transform:none;\"><p><strong>GENERAL CONDITIONS FOR THE RESERVATIONS OF VEHICLES<\/strong><\/p>\n<p>1. CONTRACTUAL SPACE<br \/>\n2. SERVICE OF RESERVATION OF THE VEHICLE<br \/>\n3. RESPONSIBILITY EXEMPTION<br \/>\n4. POLICY OF PROTECTION OF DATA<br \/>\n5. PRIORITIES OF THE CONDITIONS<\/p>\n<p><strong>RENDA M\u00d2BIL CONTRACT FOR CAR RENTAL WITHOUT DRIVER GENERAL CONDITIONS<\/strong><\/p>\n<p>1. HANDING OVER AND RETURN OF THE VEHICLE<br \/>\n2. SETTLEMENT AND PAYMENT<br \/>\n3. ACCIDENTS AND REPAIRS<br \/>\n4. COMPENSATION<br \/>\n5. USE AND MAINTENANCE OF THE VEHICLE<br \/>\n6. INSURANCE<br \/>\n7. TERMS OF USE<br \/>\n8. SURETY BOND<br \/>\n9. LIABILITY<br \/>\n10. FINAL TERMINATION<\/p>\n<p><strong>GENERAL CONDITIONS FOR THE RESERVATIONS OF VEHICLES<\/strong><\/p>\n<p>1.- CONTRACTUAL SPACE<br \/>\nThe present general conditions for hiring regulate every reservation of vehicles made through the Web page: www.rebirent.com, owned by RENDA M\u00d2BIL SL, with business address: C\/ BONASTRE, 7 POL IND DOMENYS I, 08720 Vilafranca del Pened\u00e8s (Barcelona), hereinafter REBIL.<\/p>\n<p>REBIL is a company legally incorporated in Spain, with CIF number (Fiscal Identification Code) B- 59814319, registered at the Trade Register of Barcelona, Volume 21052 general, Folio 88, Sheet B-15614, and its e-mail is: info@rebilrent.com.<\/p>\n<p>The use by the client of the service of reservation of vehicles implies in any event his agreement with the general conditions published by REBIL at the moment of access to the service. For this reason it is advisable that the client reads the general conditions before gaining access to the service. Those conditions are always available at the web page of REBIL in the section &#8220;general conditions&#8221;, as well as in the other sections indicated in the screen during the navigation, so that the client declares to know and to accept these proceedings as necessary to make the reservation. REBIL informs the client that it does not generate any electronic document while using this service of reservation; this is why it is not possible to file or to access them by third parties.<\/p>\n<p>In the same way, the use of the service implies the acceptance by the user of the REBIL\u2019s Legal Warning included in its Web page, which will also have to be consulted before gaining access to the mentioned service.<\/p>\n<p>2.- SERVICE OF RESERVATION OF THE VEHICLE<br \/>\nIn order to use the Service, the users will have to follow the instructions that appear on the screen and, among others, they will have to follow the following indications:<br \/>\n\u2022 Selection of reservation data: office of reservation, location and dates of picking up and return of the vehicle, type of vehicle and prices.<br \/>\n\u2022 Detailed completion of the form with the personal data.<br \/>\n\u2022 Reading and obligatory acceptance of the general conditions contained in the form.<br \/>\n\u2022 Pressing the icon\/button &#8220;Next step&#8221;.<br \/>\n\u2022 Screen of confirmation of the reservation, writing the data of a credit card.<br \/>\n\u2022 Reception in the e-mail of the user of a message with the data of the reservation made.<\/p>\n<p><strong>2.1 &#8211; Price.<\/strong><br \/>\nThe reservation of the vehicle through the Web page of REBIL is free.<br \/>\nThe number of the credit card is requested only for identification purposes, no charge is made on the card until the moment of picking up the vehicle in the relevant office, except in the case of prepayment and in case of payment of fees for cancellations of reservations made 24h before the collection of the vehicle and for non picking up the vehicle without previous warning.<\/p>\n<p><strong>2.2 \u2013 &#8211; Control for the cancellation of reservations.<\/strong><\/p>\n<p><u>Non registered user:<\/u><br \/>\nThe User will be able at any time to cancel the reservations made by pressing the button &#8220;Reservations&#8221; at the upper margin of the main Web page; in the section &#8220;cancellation&#8221; the client has to introduce the assigned number of reservation and the client\u2019s e-mail.<\/p>\n<p><u>Registered user: <\/u><br \/>\nThe client registered as user of REBIL will be able at any time to see and\/or cancel their reservations:<br \/>\nIntroduce the user data<br \/>\nPress the access to &#8220;my reservations&#8221;<br \/>\nWhen you see the note of the reservations in the section &#8220;options&#8221;, press &#8220;X&#8221;<\/p>\n<p><strong>2.3 \u2013 Cancellation of reservations<\/strong><\/p>\n<p>The cancellations made 24h before the collection of the vehicle have no cost.<br \/>\nIn case the cancellation is made during the 24h previous to the collection of the vehicle the cost is 20% of the price of a day.<br \/>\nAnd for not turning up to pick up the vehicle without previous warning the cost is equal to the amount of the rent of a day.<br \/>\nEn el caso de anular reservas pagadas on-line (prepago mediante sistema de pagos electr\u00f3nico), estas no dar\u00e1n derecho a devoluci\u00f3n del importe pagado.<\/p>\n<p>. In case the user wishes to communicate any doubt or problem arisen in relation with the reservation of vehicles or to rise a complaint to REBIL, the client can send a letter to the REBIL address, indicated in the first section of the present Conditions or the client can send an e-mail to the following address: info@rebilrent.com which is in the main page of the Web under \u201ccontact us&#8221;.<\/p>\n<p>3.- RESPONSIBILITY EXEMPTION<br \/>\nREBIL is not responsible, including but not limited to, for the damages that could arise from:<\/p>\n<p>\u2022 Delays or jamming in the Internet caused by shortcomings or overloads also in any other electronic system.<br \/>\n\u2022 The impossibility to render the service or allow the access for any whatsoever reason non attributable to us.<br \/>\n\u2022 Interferences, omissions, interruptions, viruses, failures and\/or disconnections during the operation of our electronic system or of the appliances and computers of the users.<br \/>\n\u2022 Any anomalous operation of the service for reasons we cannot control and which prevent to make the reservation effective. By anomalous operation we understand the incorrect emission of reservations or its emission with errors of any type.<\/p>\n<p>4.- POLICY OF PROTECTION OF DATA<br \/>\nPursuant to the regulations in force on the protection of personal data and the services within the society of information and the electronic commerce, REBIL informs you that your personal data will be included in a personal data file created under the responsibility of RENDA M\u00d2BIL SL with the purpose of maintaining and managing the contractual relation with the user, as well as to perform the tasks of information and marketing of the service of car rental with the client. In the case of commercial communications through the e-mail or another equivalent means, the acceptance of the present Policy of Privacy will mean that the user expressly allows the mailing of publicity through this means.<\/p>\n<p>Uless otherwise provided, it is obligatory to answer the questions on Personal Data and the lack of answer makes it impossible to render the service of cars rental or any other service appearing on the REBIL page intended for the clients.<\/p>\n<p>REBIL informs you as well about the possibility of exercising the rights of access, rectification, cancellation and opposition by means of a written request directed to RENDA M\u00d2BIL, SL, Avda 77 Barcelona Bis, 08720 Vilafranca del Pened\u00e8s (Barcelona). REBIL is committed to the fulfilment of its obligation of maintaining secret the personal data and of its duty to respect it and will take the steps necessary to avoid their alteration, loss, treatment or nonauthorized access, taking into account at any time the state of technology.<br \/>\nFor the rendering of the service, in certain cases REBIL can need to share its data with other organizations. The user specifically allows the cession of the information on the personal data contained in the mentioned file to the channel of distributors and agents who may work with REBIL in the hiring of the service of car rental, with the exclusive purpose of offering our best service and attention to the client.<br \/>\nIn case the \u201con line\u201d reservation would not become effective, REBIL will only keep the personal data given by the users specifically for the dispatching of commercial communications through any means, including the e-mail or its equivalent, in as much as this consent is not revoked, in which case we would delete the remaining data received, since it is not useful anymore for the purpose for which it was kept, in agreement with the regulations in force on the protection of data.<\/p>\n<p>5.- PRIORITIES OF THE CONDITIONS<br \/>\nThe present General Conditions of reservation could be completed and\/or modified by the particular conditions of each service. Therefore, prior to the request and use of each service the user commits himself to read the applicable particular conditions.<\/p>\n<h5>RENDA M\u00d2BIL CONTRACT FOR CAR RENTAL WITHOUT DRIVER GENERAL CONDITIONS<\/h5>\n<h6>DRIVER: Minimum age 23. In possession of a valid driver&#8217;s license for more than two years.<\/h6>\n<p>1.- HANDING OVER AND RETURN OF THE VEHICLE<br \/>\nThe Hirer acknowledges and declares that the car has been handed over to him in a good state with its documents and accessories, and undertakes to return it to RENDA M\u00d2BIL S.L. in the same state or condition and in the place and on the date convened in the present contract, unless the Hirer asks for an extension of the specified rental period before its end. If this were agreed upon with RENDA M\u00d2BIL S.L. then the extension is to be stipulated in the corresponding section or on a new contract to be annexed to the present contract. Any delay in returning the vehicle on the part of the Hirer will be penalised. The penalty will be in accordance with the period of this delay. One hour: 1\/3 of the daily rental fee; two hours: 2\/3; 3 hours: 1 day&#8217;s rental.<\/p>\n<p>2.- 2. SETTLEMENT AND PAYMENT<br \/>\nThe Hirer agrees to pay RENDA M\u00d2BIL S.L. the total sum arising from the following concepts:<\/p>\n<p>a) cost of the rental period plus mileage calculated at the going rate.<br \/>\nb) The amounts arising from the cost of petrol, the renunciation to compensation in case of a crash, personal accident insurance, or any other charges applied in this contract according to the going rates.<br \/>\nc) Car hire taxes.<br \/>\nd) Expenses incurred by RENDA M\u00d2BIL S.L. (including lawyers&#8217; and solicitors&#8217; fees) as a result of claims for amounts stipulated in the present contract that have not been paid by the Hirer.<br \/>\ne) Fines, sanctions or the like, court costs and other costs, which have been demanded of RENDA M\u00d2BIL S.L. and which have to do with the use of the vehicle during the hiring period. The Hirer will assume his responsibility before legal institutions for his illegal conduct.<br \/>\nf) The penalty arising from the delay in returning the vehicle after the time convened in the contract.<br \/>\ng) The Hirer agrees to pay RENDA M\u00d2BIL S.L. compensation for damages arising from delay in payment of any claims or bills. This compensation will be fixed at ten percent of the said amount for every year, starting as from fifteen days after the date of the claim\/bill.<\/p>\n<p>3.- ACCIDENTS AND REPAIRS<br \/>\n&#8211; The Hirer undertakes to immediately inform RENDA M\u00d2BIL S.L. of any accidents, even when the driver is a third person.<br \/>\n&#8211; In case of an accident the Hirer will not prejudge his responsibility and declare himself guilty. He undertakes to collect all the relevant details on the other party\/parties as well as the details of the accident. He will sign the corresponding accident report at the instance of RENDA M\u00d2BIL S.L. or the insurance company of the vehicle. If the latter think that the third party is at fault the Hirer undertakes to attend all the meetings arising from the claim.<br \/>\n-If the vehicle requires repairs as a consequence of an accident or damage to the vehicle that may have been caused by the Hirer or a third person driving the vehicle, then the rental price will be increased to cover all ensuing expenses, including the transport and impossibility to use the vehicle until it has been returned to the premises of RENDA M\u00d2BIL S.L.<br \/>\n&#8211; Before undertaking any repairs to the vehicle the Hirer must have the prior authorisation of RENDA M\u00d2BIL S.L. If this is granted, then he will take it to an authorized service centre of the car maker. If any parts of the vehicle are replaced then the Hirer undertakes to present the replaced part to the Renter along with the repair bill properly filled in and written out to RENDA M\u00d2BIL S.L.<br \/>\n&#8211; Punctured tyres will be paid for by the Hirer.<br \/>\n&#8211; Damages to the vehicle resulting from negligence on the part of the Hirer or driver of the vehicle will be paid for by the Hirer.<\/p>\n<p>4.- COMPENSATION<br \/>\nRENDA M\u00d2BIL S.L. is not liable for any damages incurred by the Hirer or by third parties arising from the use of the vehicle, nor for the loss or damage to property left in the vehicle belonging to the Hirer, nor for any damages or inconveniences resulting from a delay in delivering the vehicle or from a broken down engine or any other causes. The Hirer undertakes to free RENDA M\u00d2BIL S.L. of any liability in this respect.<\/p>\n<p>5.- USE AND MAINTENANCE OF THE VEHICLE<br \/>\n-The Hirer receives the vehicle in perfect condition and is responsible for the proper use of the vehicle. He undertakes to return it in the same state as he received it, which comprises the cleaning of the inside and outside of the vehicle, petrol, upholstery, paint, bodywork, tyres, tools and accessories. If any of the car documents or stamped copies of these documents are missing when the Hirer hands the vehicle back to RENDA M\u00d2BIL S.L., then the Hirer undertakes to compensate RENDA M\u00d2BIL S.L. with the sum of 40 euros as well as for the days that the vehicle is stationed as a result of this fault, equal to the daily rental cost.<br \/>\n&#8211; The Hirer also undertakes to maintain the optimum water level of the radiator in order to avoid evaporation and freezing, as well as the oil level according to the manufacturer&#8217;s specifications.<br \/>\n&#8211; The Hirer is responsible for all fines and sanctions incurred during the rental contract including those deriving from a lack of documents or administrative authorization. If the sanctioning body were to make a claim against RENDA M\u00d2BIL S.L. the Hirer will be liable and will have to forward the cost of the fine or of any other incurred expenses.<br \/>\n-The Hirer will under no circumstances manipulate the milometer, which is duly sealed. If any evidence of manipulation is observed on the vehicle&#8217;s return, the Hirer will pay RENDA M\u00d2BIL S.L. an amount equal to 1,000 kilometres per day from the day of the commencement of the rental peri<\/p>\n<p>6.- INSURANCE<br \/>\nRENDA M\u00d2BIL S.L. will provide insurance coverage only for authorised users of the vehicle. In accordance with the corresponding car insurance policy, the terms and conditions and exceptions of this policy are incorporated into the present contract by means of this reference as if they were hereby stipulated in detail. The Hirer acknowledges having read and agreed to the said terms and conditions.<\/p>\n<p>7.- TERMS OF USE<br \/>\nThe Hirer undertakes to take proper care of the vehicle and not to allow it to be used in the following cases and circumstances:<\/p>\n<p>&#8211; To drive or use the vehicle abroad or off the peninsula without the prior authorisation of RENDA M\u00d2BIL S.L.<br \/>\n&#8211; To tow other vehicles or objects.<br \/>\n&#8211; In races, trials or competitions of any kind.<br \/>\n&#8211; To use it for illegal activities or under illegal circumstances.<br \/>\n&#8211; By persons other than the Hirer, unless they have previously been explicitly designated and authorised by RENDA M\u00d2BIL S.L. after having filled in the corresponding section on the front page of the present contract.<br \/>\n&#8211; To carry more passengers, luggage or merchandise than those recommended by the manufacturer.<br \/>\n&#8211; The number of authorised passengers will be that stipulated on the vehicle&#8217;s documents and not necessarily in accordance with the number of seats or room for passengers.<\/p>\n<p>8.- SURETY BOND<br \/>\nThe Hirer must place a surety bond, the amount of which is to be stipulated by RENDA M\u00d2BIL S.L. This surety bond must be paid by credit card. The Hirer authorises RENDA M\u00d2BIL S.L. to settle the contract by charging the remaining amount to the credit card designated for the surety bond.<\/p>\n<p>9.- LIABILITY<br \/>\n-The Hirer is liable to RENDA M\u00d2BIL S.L. for all damages to the vehicle including those to third parties, if the driver of the vehicle has not been expressly authorised by RENDA M\u00d2BIL S.L.<br \/>\n-The Hirer is liable to RENDA M\u00d2BIL S.L. for all the costs incurred from damage to the vehicle when it cannot be demonstrated that the vehicle has been used normally.<br \/>\n&#8211; In the case of non compliance to the contract and if the vehicle is immobilised, the Hirer must pay RENDA M\u00d2BIL S.L. the cost of the daily rental of the vehicle until it is available again, as well as the cost of repairs.<br \/>\n&#8211; In the case of the total loss of the vehicle the Hirer must pay RENDA M\u00d2BIL S.L. the total value of the vehicle.<\/p>\n<p>10.- FINAL TERMINATION<br \/>\n&#8211; Non compliance with the terms of this contract will lead to its immediate termination. However, RENDA M\u00d2BIL S.L. may also terminate the contract if it considers that for some reason the final amount will not be paid or that the vehicle will not be returned on the specified day. If the Hirer terminates the contract unilaterally, returning the vehicle before the expiry date of the specified rental period, he will be obliged nonetheless to forward the total amount of the contract. RENDA M\u00d2BIL S.L. has a right to recover the vehicle without prior notice, once the contract has ended.<\/p>\n<p>Information and prices shown in this web page can be modified without previous advice.<\/p>\n<\/div><div class=\"fusion-clearfix\"><\/div><\/div><\/div><\/div><\/div>\n","protected":false},"excerpt":{"rendered":"","protected":false},"author":1,"featured_media":0,"parent":0,"menu_order":0,"comment_status":"closed","ping_status":"closed","template":"","meta":{"_joinchat":[],"footnotes":""},"class_list":["post-1168","page","type-page","status-publish","hentry"],"yoast_head":"<!-- This site is optimized with the Yoast SEO plugin v27.5 - https:\/\/yoast.com\/product\/yoast-seo-wordpress\/ -->\n<title>General conditions - Rebil Rent en<\/title>\n<meta name=\"robots\" content=\"index, follow, max-snippet:-1, max-image-preview:large, max-video-preview:-1\" \/>\n<link rel=\"canonical\" href=\"https:\/\/www.rebilrent.com\/en\/general-conditions\/\" \/>\n<meta property=\"og:locale\" content=\"en_US\" \/>\n<meta property=\"og:type\" content=\"article\" \/>\n<meta property=\"og:title\" content=\"General conditions - Rebil Rent en\" \/>\n<meta property=\"og:url\" content=\"https:\/\/www.rebilrent.com\/en\/general-conditions\/\" \/>\n<meta property=\"og:site_name\" content=\"Rebil Rent en\" \/>\n<meta property=\"article:modified_time\" content=\"2022-04-20T18:32:30+00:00\" \/>\n<meta name=\"twitter:card\" content=\"summary_large_image\" \/>\n<meta name=\"twitter:label1\" content=\"Est. reading time\" \/>\n\t<meta name=\"twitter:data1\" content=\"19 minutes\" \/>\n<script type=\"application\/ld+json\" class=\"yoast-schema-graph\">{\"@context\":\"https:\\\/\\\/schema.org\",\"@graph\":[{\"@type\":\"WebPage\",\"@id\":\"https:\\\/\\\/www.rebilrent.com\\\/en\\\/general-conditions\\\/\",\"url\":\"https:\\\/\\\/www.rebilrent.com\\\/en\\\/general-conditions\\\/\",\"name\":\"General conditions - Rebil Rent en\",\"isPartOf\":{\"@id\":\"https:\\\/\\\/www.rebilrent.com\\\/en\\\/#website\"},\"datePublished\":\"2020-02-12T14:04:01+00:00\",\"dateModified\":\"2022-04-20T18:32:30+00:00\",\"breadcrumb\":{\"@id\":\"https:\\\/\\\/www.rebilrent.com\\\/en\\\/general-conditions\\\/#breadcrumb\"},\"inLanguage\":\"en-US\",\"potentialAction\":[{\"@type\":\"ReadAction\",\"target\":[\"https:\\\/\\\/www.rebilrent.com\\\/en\\\/general-conditions\\\/\"]}]},{\"@type\":\"BreadcrumbList\",\"@id\":\"https:\\\/\\\/www.rebilrent.com\\\/en\\\/general-conditions\\\/#breadcrumb\",\"itemListElement\":[{\"@type\":\"ListItem\",\"position\":1,\"name\":\"Portada\",\"item\":\"https:\\\/\\\/www.rebilrent.com\\\/en\\\/\"},{\"@type\":\"ListItem\",\"position\":2,\"name\":\"General conditions\"}]},{\"@type\":\"WebSite\",\"@id\":\"https:\\\/\\\/www.rebilrent.com\\\/en\\\/#website\",\"url\":\"https:\\\/\\\/www.rebilrent.com\\\/en\\\/\",\"name\":\"Rebil Rent en\",\"description\":\"Rebilrent\",\"potentialAction\":[{\"@type\":\"SearchAction\",\"target\":{\"@type\":\"EntryPoint\",\"urlTemplate\":\"https:\\\/\\\/www.rebilrent.com\\\/en\\\/?s={search_term_string}\"},\"query-input\":{\"@type\":\"PropertyValueSpecification\",\"valueRequired\":true,\"valueName\":\"search_term_string\"}}],\"inLanguage\":\"en-US\"}]}<\/script>\n<!-- \/ Yoast SEO plugin. -->","yoast_head_json":{"title":"General conditions - Rebil Rent en","robots":{"index":"index","follow":"follow","max-snippet":"max-snippet:-1","max-image-preview":"max-image-preview:large","max-video-preview":"max-video-preview:-1"},"canonical":"https:\/\/www.rebilrent.com\/en\/general-conditions\/","og_locale":"en_US","og_type":"article","og_title":"General conditions - Rebil Rent en","og_url":"https:\/\/www.rebilrent.com\/en\/general-conditions\/","og_site_name":"Rebil Rent en","article_modified_time":"2022-04-20T18:32:30+00:00","twitter_card":"summary_large_image","twitter_misc":{"Est. reading time":"19 minutes"},"schema":{"@context":"https:\/\/schema.org","@graph":[{"@type":"WebPage","@id":"https:\/\/www.rebilrent.com\/en\/general-conditions\/","url":"https:\/\/www.rebilrent.com\/en\/general-conditions\/","name":"General conditions - Rebil Rent en","isPartOf":{"@id":"https:\/\/www.rebilrent.com\/en\/#website"},"datePublished":"2020-02-12T14:04:01+00:00","dateModified":"2022-04-20T18:32:30+00:00","breadcrumb":{"@id":"https:\/\/www.rebilrent.com\/en\/general-conditions\/#breadcrumb"},"inLanguage":"en-US","potentialAction":[{"@type":"ReadAction","target":["https:\/\/www.rebilrent.com\/en\/general-conditions\/"]}]},{"@type":"BreadcrumbList","@id":"https:\/\/www.rebilrent.com\/en\/general-conditions\/#breadcrumb","itemListElement":[{"@type":"ListItem","position":1,"name":"Portada","item":"https:\/\/www.rebilrent.com\/en\/"},{"@type":"ListItem","position":2,"name":"General conditions"}]},{"@type":"WebSite","@id":"https:\/\/www.rebilrent.com\/en\/#website","url":"https:\/\/www.rebilrent.com\/en\/","name":"Rebil Rent en","description":"Rebilrent","potentialAction":[{"@type":"SearchAction","target":{"@type":"EntryPoint","urlTemplate":"https:\/\/www.rebilrent.com\/en\/?s={search_term_string}"},"query-input":{"@type":"PropertyValueSpecification","valueRequired":true,"valueName":"search_term_string"}}],"inLanguage":"en-US"}]}},"_links":{"self":[{"href":"https:\/\/www.rebilrent.com\/en\/wp-json\/wp\/v2\/pages\/1168","targetHints":{"allow":["GET"]}}],"collection":[{"href":"https:\/\/www.rebilrent.com\/en\/wp-json\/wp\/v2\/pages"}],"about":[{"href":"https:\/\/www.rebilrent.com\/en\/wp-json\/wp\/v2\/types\/page"}],"author":[{"embeddable":true,"href":"https:\/\/www.rebilrent.com\/en\/wp-json\/wp\/v2\/users\/1"}],"replies":[{"embeddable":true,"href":"https:\/\/www.rebilrent.com\/en\/wp-json\/wp\/v2\/comments?post=1168"}],"version-history":[{"count":7,"href":"https:\/\/www.rebilrent.com\/en\/wp-json\/wp\/v2\/pages\/1168\/revisions"}],"predecessor-version":[{"id":2165,"href":"https:\/\/www.rebilrent.com\/en\/wp-json\/wp\/v2\/pages\/1168\/revisions\/2165"}],"wp:attachment":[{"href":"https:\/\/www.rebilrent.com\/en\/wp-json\/wp\/v2\/media?parent=1168"}],"curies":[{"name":"wp","href":"https:\/\/api.w.org\/{rel}","templated":true}]}}