{"id":1160,"date":"2020-02-12T14:45:46","date_gmt":"2020-02-12T13:45:46","guid":{"rendered":"http:\/\/www.rebilrent.com\/es\/?page_id=1160"},"modified":"2022-02-16T12:26:25","modified_gmt":"2022-02-16T11:26:25","slug":"rebil-rent","status":"publish","type":"page","link":"https:\/\/www.rebilrent.com\/es\/rebil-rent\/","title":{"rendered":"Empresa"},"content":{"rendered":"<p><div class=\"fusion-fullwidth fullwidth-box fusion-builder-row-1 fusion-parallax-none nonhundred-percent-fullwidth hundred-percent-height hundred-percent-height-center-content non-hundred-percent-height-scrolling fusion-equal-height-columns fusion-no-small-visibility fusion-no-medium-visibility\" style=\"--awb-background-position:right bottom;--awb-border-radius-top-left:0px;--awb-border-radius-top-right:0px;--awb-border-radius-bottom-right:0px;--awb-border-radius-bottom-left:0px;--awb-padding-top:190px;--awb-padding-bottom:40px;--awb-background-image:url(&quot;http:\/\/www.rebilrent.com\/es\/wp-content\/uploads\/sites\/2\/2022\/01\/alquiler-furgonetas.jpg&quot;);--awb-background-size:cover;--awb-flex-wrap:wrap;\" ><div class=\"fusion-fullwidth-center-content\"><div class=\"fusion-builder-row fusion-row\"><div class=\"fusion-layout-column fusion_builder_column fusion-builder-column-0 fusion_builder_column_1_2 1_2 fusion-one-half fusion-column-first fusion-animated\" style=\"--awb-bg-size:cover;width:50%;width:calc(50% - ( ( 4% ) * 0.5 ) );margin-right: 4%;\" data-animationType=\"fadeInLeft\" data-animationDuration=\"0.6\" data-animationOffset=\"top-into-view\"><div class=\"fusion-column-wrapper fusion-flex-column-wrapper-legacy\"><div class=\"fusion-column-content-centered\"><div class=\"fusion-column-content\"><div class=\"fusion-sep-clear\"><\/div><div class=\"fusion-separator fusion-no-large-visibility fusion-full-width-sep\" style=\"margin-left: auto;margin-right: auto;margin-top:30px;width:100%;\"><\/div><div class=\"fusion-sep-clear\"><\/div><div class=\"fusion-title title fusion-title-1 fusion-sep-none fusion-title-text fusion-title-size-one\" style=\"--awb-text-color:#ffffff;--awb-margin-bottom:10px;--awb-margin-top-small:0px;--awb-margin-right-small:0px;--awb-margin-bottom-small:20px;--awb-margin-left-small:0px;\"><h1 class=\"fusion-title-heading title-heading-left fusion-responsive-typography-calculated\" style=\"margin:0;--fontSize:60;line-height:1.4;\">El veh\u00edculo que necesita<\/h1><\/div><div class=\"fusion-text fusion-text-1\" style=\"--awb-text-transform:none;\"><p><span style=\"color: #ffffff; font-size: 30px; line-height: 30px;\">Se lo entregamos donde desee.<\/span><\/p>\n<\/div><div class=\"fusion-sep-clear\"><\/div><div class=\"fusion-separator fusion-full-width-sep\" style=\"margin-left: auto;margin-right: auto;margin-top:25px;width:100%;\"><\/div><div class=\"fusion-sep-clear\"><\/div><\/div><\/div><div class=\"fusion-clearfix\"><\/div><\/div><\/div><div class=\"fusion-layout-column fusion_builder_column fusion-builder-column-1 fusion_builder_column_1_2 1_2 fusion-one-half fusion-column-last fusion-animated\" style=\"--awb-padding-top:5px;--awb-padding-right:40px;--awb-padding-bottom:5px;--awb-padding-left:40px;--awb-bg-color:rgba(255,255,255,0.9);--awb-bg-color-hover:rgba(255,255,255,0.9);--awb-bg-size:cover;--awb-border-color:#eaeaea;--awb-border-top:0;--awb-border-right:0;--awb-border-bottom:0;--awb-border-left:0;--awb-border-style:solid;width:50%;width:calc(50% - ( ( 4% ) * 0.5 ) );\" data-animationType=\"fadeInUp\" data-animationDuration=\"0.6\" data-animationOffset=\"top-into-view\"><div class=\"fusion-column-wrapper fusion-column-has-shadow fusion-flex-column-wrapper-legacy\"><div class=\"fusion-column-content-centered\"><div class=\"fusion-column-content\"><div class=\"fusion-title title fusion-title-2 fusion-sep-none fusion-title-center fusion-title-text fusion-title-size-four\" style=\"--awb-margin-top-small:0px;--awb-margin-right-small:0px;--awb-margin-bottom-small:20px;--awb-margin-left-small:0px;\"><h4 class=\"fusion-title-heading title-heading-center fusion-responsive-typography-calculated\" style=\"margin:0;--fontSize:21;--minFontSize:21;line-height:1.5;\">Consulte ahora los veh\u00edculos disponibles<\/h4><\/div><div class=\"fusion-text fusion-text-2\" style=\"--awb-text-transform:none;\"><p style=\"text-align: center;\"><span style=\"color: #000000;\">Conozca al momento nuestras tarifas<\/span><\/p>\n<\/div><div class=\"fusion-text fusion-text-3\" style=\"--awb-text-transform:none;\"><div align=\"center\"><iframe style=\"width: 100%; height: 525px;\" src=\"https:\/\/reservas.rebilrent.com\/?search=1&amp;cookie=1&amp;idioma=es\" width=\"300\" height=\"150\" frameborder=\"0\" scrolling=\"no\"><br \/>\n<\/iframe><\/div>\n<\/div><\/div><\/div><div class=\"fusion-clearfix\"><\/div><\/div><\/div><\/div><\/div><\/div><div class=\"fusion-fullwidth fullwidth-box fusion-builder-row-2 fusion-parallax-none nonhundred-percent-fullwidth hundred-percent-height hundred-percent-height-center-content non-hundred-percent-height-scrolling fusion-equal-height-columns fusion-no-large-visibility\" style=\"--awb-background-position:right bottom;--awb-border-radius-top-left:0px;--awb-border-radius-top-right:0px;--awb-border-radius-bottom-right:0px;--awb-border-radius-bottom-left:0px;--awb-padding-top:190px;--awb-padding-bottom:40px;--awb-background-image:url(&quot;http:\/\/www.rebilrent.com\/es\/wp-content\/uploads\/sites\/2\/2022\/01\/alquiler-furgonetas.jpg&quot;);--awb-background-size:cover;--awb-flex-wrap:wrap;\" ><div class=\"fusion-fullwidth-center-content\"><div class=\"fusion-builder-row fusion-row\"><div class=\"fusion-layout-column fusion_builder_column fusion-builder-column-2 fusion_builder_column_1_2 1_2 fusion-one-half fusion-column-first\" style=\"--awb-bg-size:cover;width:50%;width:calc(50% - ( ( 4% ) * 0.5 ) );margin-right: 4%;\"><div class=\"fusion-column-wrapper fusion-column-has-shadow fusion-flex-column-wrapper-legacy\"><div class=\"fusion-column-content-centered\"><div class=\"fusion-column-content\"><div class=\"fusion-sep-clear\"><\/div><div class=\"fusion-separator fusion-no-large-visibility fusion-full-width-sep\" style=\"margin-left: auto;margin-right: auto;margin-top:30px;width:100%;\"><\/div><div class=\"fusion-sep-clear\"><\/div><div class=\"fusion-title title fusion-title-3 fusion-sep-none fusion-title-text fusion-title-size-one\" style=\"--awb-text-color:#ffffff;--awb-margin-bottom:10px;--awb-margin-top-small:0px;--awb-margin-right-small:0px;--awb-margin-bottom-small:20px;--awb-margin-left-small:0px;\"><h1 class=\"fusion-title-heading title-heading-left fusion-responsive-typography-calculated\" style=\"margin:0;--fontSize:60;line-height:1.4;\">El veh\u00edculo que necesita<\/h1><\/div><div class=\"fusion-text fusion-text-4\" style=\"--awb-text-transform:none;\"><p><span style=\"color: #ffffff; font-size: 30px; line-height: 30px;\">Se lo entregamos donde desee.<\/span><\/p>\n<\/div><div class=\"fusion-sep-clear\"><\/div><div class=\"fusion-separator fusion-full-width-sep\" style=\"margin-left: auto;margin-right: auto;margin-top:25px;width:100%;\"><\/div><div class=\"fusion-sep-clear\"><\/div><\/div><\/div><div class=\"fusion-clearfix\"><\/div><\/div><\/div><div class=\"fusion-layout-column fusion_builder_column fusion-builder-column-3 fusion_builder_column_1_2 1_2 fusion-one-half fusion-column-last fusion-animated\" style=\"--awb-padding-top:5px;--awb-padding-right:40px;--awb-padding-bottom:5px;--awb-padding-left:40px;--awb-bg-color:rgba(255,255,255,0.82);--awb-bg-color-hover:rgba(255,255,255,0.82);--awb-bg-size:cover;--awb-border-color:#eaeaea;--awb-border-top:0;--awb-border-right:0;--awb-border-bottom:0;--awb-border-left:0;--awb-border-style:solid;width:50%;width:calc(50% - ( ( 4% ) * 0.5 ) );\" data-animationType=\"fadeInUp\" data-animationDuration=\"0.6\" data-animationOffset=\"top-into-view\"><div class=\"fusion-column-wrapper fusion-column-has-shadow fusion-flex-column-wrapper-legacy\"><div class=\"fusion-column-content-centered\"><div class=\"fusion-column-content\"><div class=\"fusion-title title fusion-title-4 fusion-sep-none fusion-title-center fusion-title-text fusion-title-size-four\" style=\"--awb-margin-top-small:0px;--awb-margin-right-small:0px;--awb-margin-bottom-small:20px;--awb-margin-left-small:0px;\"><h4 class=\"fusion-title-heading title-heading-center fusion-responsive-typography-calculated\" style=\"margin:0;--fontSize:21;--minFontSize:21;line-height:1.5;\">Consulte ahora los veh\u00edculos disponibles<\/h4><\/div><div class=\"fusion-text fusion-text-5\" style=\"--awb-text-transform:none;\"><p style=\"text-align: center;\"><span style=\"color: #000000;\">Conozca al momento nuestras tarifas<\/span><\/p>\n<\/div><div class=\"fusion-text fusion-text-6\" style=\"--awb-text-transform:none;\"><div align=\"center\"><iframe style=\"width: 100%; height: 525px;\" src=\"https:\/\/reservas.rebilrent.com\/?search=1&amp;cookie=1&amp;idioma=es\" width=\"300\" height=\"150\" frameborder=\"0\" scrolling=\"no\"><br \/>\n<\/iframe><\/div>\n<\/div><\/div><\/div><div class=\"fusion-clearfix\"><\/div><\/div><\/div><\/div><\/div><\/div><div class=\"fusion-fullwidth fullwidth-box fusion-builder-row-3 nonhundred-percent-fullwidth non-hundred-percent-height-scrolling\" style=\"--awb-border-radius-top-left:0px;--awb-border-radius-top-right:0px;--awb-border-radius-bottom-right:0px;--awb-border-radius-bottom-left:0px;--awb-margin-bottom:20px;--awb-flex-wrap:wrap;\" ><div class=\"fusion-builder-row fusion-row\"><div class=\"fusion-layout-column fusion_builder_column fusion-builder-column-4 fusion_builder_column_1_1 1_1 fusion-one-full fusion-column-first fusion-column-last\" style=\"--awb-bg-size:cover;\"><div class=\"fusion-column-wrapper fusion-column-has-shadow fusion-flex-column-wrapper-legacy\"><div class=\"fusion-title title fusion-title-5 fusion-sep-none fusion-title-text fusion-title-size-one\" style=\"--awb-margin-top-small:0px;--awb-margin-right-small:0px;--awb-margin-bottom-small:20px;--awb-margin-left-small:0px;\"><h1 class=\"fusion-title-heading title-heading-left fusion-responsive-typography-calculated\" style=\"margin:0;--fontSize:60;line-height:1.4;\"><h2>Nuestra empresa<\/h2><\/h1><\/div><div class=\"fusion-text fusion-text-7\" style=\"--awb-text-transform:none;\"><p>En 1991, nace en Vilafranca del Pened\u00e9s (Barcelona) la empresa Renda Mobil\u00a0 SL, la que se conocer\u00e1 como REBIL.<\/p>\n<p>Sus fundadores,\u00a0 Eleuteri Jos\u00e9, Joan Parellada y Vicen\u00e7 Parellada inician la actividad de alquiler de coches en la zona del Alt Pened\u00e9s, modestamente con dos coches y tres furgonetas.<\/p>\n<p>En 1992, la empresa cambia la ubicaci\u00f3n de su oficina para mejorar su servicio situ\u00e1ndose en un lugar m\u00e1s accesible para los clientes, un punto perfecto para el acceso y las salidas de la ciudad.<\/p>\n<p>Aumenta la flota de coches y furgoneta,\u00a0 colaborando con hoteles, campings, casas rurales y concesionarios de autom\u00f3viles de la zona, ampliando su \u00e1rea de servicio en gran parte de la Costa Dorada, Comarruga (El Vendrell), Calafell, Cunit, Vilanova y la Geltru, Sitges, Salou y Cambrils.<\/p>\n<p>Siendo as\u00ed, en poco tiempo, una empresa reconocida en su zona y recomendada en el sector.<\/p>\n<p>En 1999, vuelve a ser un a\u00f1o de cambios, Vicen\u00e7 Parellada asume el cargo como gerente, se cambia de nuevo la ubicaci\u00f3n de la empresa y se ampl\u00eda la oficina con una exposici\u00f3n de coches a la venta, cre\u00e1ndose as\u00ed la tienda para la renovaci\u00f3n de sus propios coches de alquiler, conoci\u00e9ndose como REBOC (REBIL ocasi\u00f3n), situada en la <em>Av. Barcelona 77BIS<\/em> de la misma poblaci\u00f3n, Vilafranca.<\/p>\n<p>En 2002\/2003, REBIL ampl\u00eda su actividad en la misma poblaci\u00f3n y crea un taller de plancha y de fabricaci\u00f3n de carrocer\u00edas, la que se conocer\u00e1 como REPLA (REBIL plancha). Destinado, como dice el mismo nombre, a la reparaci\u00f3n de plancha y a la construcci\u00f3n de carrozados, al acceso de los clientes y para los propios veh\u00edculos de la empresa.<\/p>\n<p>En colaboraci\u00f3n con diferentes concesionarios de la automoci\u00f3n ofrece sus servicios de alquiler en: Vilanova i la Geltr\u00fa (Peugeot), en Cornella (Mercedes-Benz), en Tadadell (Seat), Puigcerd\u00e0 (Ford) El Vendrell (Volkswagen, Nissan, Peugeot).<\/p>\n<p>En 2004, REBIL abre una oficina de alquiler de veh\u00edculos en la <em>calle Valencia n\u00ba 4 (Barcelona)<\/em>, pr\u00f3xima a la estaci\u00f3n de Sants. En ese momento REBIL dispone de una flota cerca de los 100 veh\u00edculos.<\/p>\n<p>En 2007, Renda Mobil se prepara para ampliar su proyecto, dando el servicio de alquiler en m\u00e1s poblaciones de Catalunya. A finales del mismo a\u00f1o REBIL se traslada a una nueva oficina en la misma ciudad, en concreto en la <em>Calle Bonastre n\u00ba 7 Pol. Ind. Domenys l<\/em>, siendo esta la definitiva hasta fecha de hoy, la cual cuenta con unas mayores dimensiones para la exposici\u00f3n de sus futuros veh\u00edculos disponibles a la venta que previenen generar en la renovaci\u00f3n de su flota de alquiler.<\/p>\n<p>En 2008, frente a la situaci\u00f3n de la crisis, por unanimidad, los socios fundadores, deciden frenar las intenciones del proyecto, afrontando dicha crisis reduciendo gran parte de la empresa.<\/p>\n<p>Actualmente, estamos dando nuestro servicio con un volumen m\u00e1s reducido con la m\u00e1xima profesionalidad, seriedad y responsabilidad, comprometi\u00e9ndonos con nuestros clientes y colaboradores d\u00eda a d\u00eda, en la zona del Alt Penedes, Baix Penedes y Garraf.<\/p>\n<p>Esta es nuestra empresa. Hemos recorrido diferentes etapas durante m\u00e1s de 30 a\u00f1os, siempre intentando aprender y dando a nuestros clientes el mejor servicio.<\/p>\n<p>Desde aqu\u00ed agradecer a todas las personas que han puesto su confianza en nosotros, deseamos continuar ofreciendo nuestros servicios y seguir gan\u00e1ndonos la confianza de futuros nuevos clientes durante muchos a\u00f1os m\u00e1s.<\/p>\n<\/div><div class=\"fusion-title title fusion-title-6 fusion-sep-none fusion-title-text fusion-title-size-one\" style=\"--awb-margin-top-small:0px;--awb-margin-right-small:0px;--awb-margin-bottom-small:20px;--awb-margin-left-small:0px;\"><h1 class=\"fusion-title-heading title-heading-left fusion-responsive-typography-calculated\" style=\"margin:0;--fontSize:60;line-height:1.4;\"><h2>Localizaci\u00f3n<\/h2><\/h1><\/div><iframe src=\"https:\/\/www.google.com\/maps\/embed?pb=!1m14!1m8!1m3!1d23965.05375742703!2d1.682619!3d41.338621!3m2!1i1024!2i768!4f13.1!3m3!1m2!1s0x12a479e4767f0075%3A0x1f63aebfed267d28!2sCarrer%20Bonastre%2C%207%2C%2008720%20Vilafranca%20del%20Pened%C3%A8s%2C%20Barcelona%2C%20Espa%C3%B1a!5e0!3m2!1ses!2sus!4v1643802595745!5m2!1ses!2sus\" width=\"100%\" height=\"450\" style=\"border:0;\" allowfullscreen=\"\" loading=\"lazy\"><\/iframe><div class=\"fusion-text fusion-text-8\" style=\"--awb-text-transform:none;\"><p>C\/ Bonastre, 7 (P.I. Domenys I)<br \/>\n08720 &#8211; Vilafranca del Pened\u00e8s (Barcelona)<br \/>\nTel\u00e9fono: 93 817 25 17<br \/>\nFax: 938 906 086<br \/>\nEmail:\u00a0<a class=\"link_mail\" href=\"mailto:info@rebilrent.com\">info@rebilrent.com<\/a><\/p>\n<\/div><div class=\"fusion-clearfix\"><\/div><\/div><\/div><\/div><\/div><div class=\"fusion-fullwidth fullwidth-box fusion-builder-row-4 fusion-parallax-none nonhundred-percent-fullwidth non-hundred-percent-height-scrolling fusion-equal-height-columns\" style=\"--awb-border-radius-top-left:0px;--awb-border-radius-top-right:0px;--awb-border-radius-bottom-right:0px;--awb-border-radius-bottom-left:0px;--awb-padding-top:60px;--awb-padding-bottom:60px;--awb-background-image:url(&quot;http:\/\/www.rebilrent.com\/es\/wp-content\/uploads\/sites\/2\/2022\/01\/furgonetas-rebil-scaled.jpg&quot;);--awb-background-size:cover;--awb-flex-wrap:wrap;\" ><div class=\"fusion-builder-row fusion-row\"><div class=\"fusion-layout-column fusion_builder_column fusion-builder-column-5 fusion_builder_column_2_3 2_3 fusion-two-third fusion-column-first fusion-animated\" style=\"--awb-bg-size:cover;width:66.666666666667%;width:calc(66.666666666667% - ( ( 4% ) * 0.66666666666667 ) );margin-right: 4%;\" data-animationType=\"fadeInLeft\" data-animationDuration=\"0.6\" data-animationOffset=\"top-into-view\"><div class=\"fusion-column-wrapper fusion-flex-column-wrapper-legacy\"><div class=\"fusion-column-content-centered\"><div class=\"fusion-column-content\"><div class=\"fusion-title title fusion-title-7 fusion-sep-none fusion-title-text fusion-title-size-two\" style=\"--awb-text-color:#ffffff;--awb-margin-bottom:0px;--awb-margin-top-small:0px;--awb-margin-right-small:0px;--awb-margin-bottom-small:20px;--awb-margin-left-small:0px;\"><h2 class=\"fusion-title-heading title-heading-left fusion-responsive-typography-calculated\" style=\"margin:0;--fontSize:40;line-height:1.5;\">Atenci\u00f3n telef\u00f3nica<\/h2><\/div><div class=\"fusion-title title fusion-title-8 fusion-sep-none fusion-title-text fusion-title-size-three\" style=\"--awb-text-color:#ffffff;--awb-margin-bottom:0px;--awb-margin-top-small:0px;--awb-margin-right-small:0px;--awb-margin-bottom-small:20px;--awb-margin-left-small:0px;--awb-font-size:21px;\"><h3 class=\"fusion-title-heading title-heading-left fusion-responsive-typography-calculated\" style=\"margin:0;font-size:1em;--fontSize:21;--minFontSize:21;line-height:1.5;\">Estaremos encantados de resolver cualquier duda que pueda tener.<\/h3><\/div><\/div><\/div><div class=\"fusion-clearfix\"><\/div><\/div><\/div><div class=\"fusion-layout-column fusion_builder_column fusion-builder-column-6 fusion_builder_column_1_3 1_3 fusion-one-third fusion-column-last fusion-animated\" style=\"--awb-bg-size:cover;width:33.333333333333%;width:calc(33.333333333333% - ( ( 4% ) * 0.33333333333333 ) );\" data-animationType=\"fadeInRight\" data-animationDuration=\"0.6\" data-animationOffset=\"top-into-view\"><div class=\"fusion-column-wrapper fusion-flex-column-wrapper-legacy\"><div class=\"fusion-column-content-centered\"><div class=\"fusion-column-content\"><ul style=\"--awb-line-height:51px;--awb-icon-width:51px;--awb-icon-height:51px;--awb-icon-margin:21px;--awb-content-margin:72px;\" class=\"fusion-checklist fusion-checklist-1 fusion-checklist-default type-icons\"><li class=\"fusion-li-item\" style=\"\"><span class=\"icon-wrapper circle-no\"><i class=\"fusion-li-icon fa-phone fas\" aria-hidden=\"true\"><\/i><\/span><div class=\"fusion-li-item-content\"><a href=\"tel:938172517\"><span style=\"color: #ffffff;\">938172517<\/span><\/a><\/div><\/li><\/ul><\/div><\/div><div class=\"fusion-clearfix\"><\/div><\/div><\/div><\/div><\/div>\n<\/p>\n","protected":false},"excerpt":{"rendered":"","protected":false},"author":1,"featured_media":0,"parent":0,"menu_order":0,"comment_status":"closed","ping_status":"closed","template":"100-width.php","meta":{"_joinchat":[],"footnotes":""},"class_list":["post-1160","page","type-page","status-publish","hentry"],"yoast_head":"<!-- This site is optimized with the Yoast SEO plugin v27.4 - https:\/\/yoast.com\/product\/yoast-seo-wordpress\/ -->\n<title>Empresa - Rebil Rent es<\/title>\n<meta name=\"robots\" content=\"index, follow, max-snippet:-1, max-image-preview:large, max-video-preview:-1\" \/>\n<link rel=\"canonical\" href=\"https:\/\/www.rebilrent.com\/es\/rebil-rent\/\" \/>\n<meta property=\"og:locale\" content=\"es_ES\" \/>\n<meta property=\"og:type\" content=\"article\" \/>\n<meta property=\"og:title\" content=\"Empresa - Rebil Rent es\" \/>\n<meta property=\"og:url\" content=\"https:\/\/www.rebilrent.com\/es\/rebil-rent\/\" \/>\n<meta property=\"og:site_name\" content=\"Rebil Rent es\" \/>\n<meta property=\"article:modified_time\" content=\"2022-02-16T11:26:25+00:00\" \/>\n<meta name=\"twitter:card\" content=\"summary_large_image\" \/>\n<meta name=\"twitter:label1\" content=\"Tiempo de lectura\" \/>\n\t<meta name=\"twitter:data1\" content=\"9 minutos\" \/>\n<script type=\"application\/ld+json\" class=\"yoast-schema-graph\">{\"@context\":\"https:\\\/\\\/schema.org\",\"@graph\":[{\"@type\":\"WebPage\",\"@id\":\"https:\\\/\\\/www.rebilrent.com\\\/es\\\/rebil-rent\\\/\",\"url\":\"https:\\\/\\\/www.rebilrent.com\\\/es\\\/rebil-rent\\\/\",\"name\":\"Empresa - Rebil Rent es\",\"isPartOf\":{\"@id\":\"https:\\\/\\\/www.rebilrent.com\\\/es\\\/#website\"},\"datePublished\":\"2020-02-12T13:45:46+00:00\",\"dateModified\":\"2022-02-16T11:26:25+00:00\",\"breadcrumb\":{\"@id\":\"https:\\\/\\\/www.rebilrent.com\\\/es\\\/rebil-rent\\\/#breadcrumb\"},\"inLanguage\":\"es\",\"potentialAction\":[{\"@type\":\"ReadAction\",\"target\":[\"https:\\\/\\\/www.rebilrent.com\\\/es\\\/rebil-rent\\\/\"]}]},{\"@type\":\"BreadcrumbList\",\"@id\":\"https:\\\/\\\/www.rebilrent.com\\\/es\\\/rebil-rent\\\/#breadcrumb\",\"itemListElement\":[{\"@type\":\"ListItem\",\"position\":1,\"name\":\"Portada\",\"item\":\"https:\\\/\\\/www.rebilrent.com\\\/es\\\/\"},{\"@type\":\"ListItem\",\"position\":2,\"name\":\"Empresa\"}]},{\"@type\":\"WebSite\",\"@id\":\"https:\\\/\\\/www.rebilrent.com\\\/es\\\/#website\",\"url\":\"https:\\\/\\\/www.rebilrent.com\\\/es\\\/\",\"name\":\"Rebil Rent es\",\"description\":\"Rebilrent\",\"potentialAction\":[{\"@type\":\"SearchAction\",\"target\":{\"@type\":\"EntryPoint\",\"urlTemplate\":\"https:\\\/\\\/www.rebilrent.com\\\/es\\\/?s={search_term_string}\"},\"query-input\":{\"@type\":\"PropertyValueSpecification\",\"valueRequired\":true,\"valueName\":\"search_term_string\"}}],\"inLanguage\":\"es\"}]}<\/script>\n<!-- \/ Yoast SEO plugin. -->","yoast_head_json":{"title":"Empresa - Rebil Rent es","robots":{"index":"index","follow":"follow","max-snippet":"max-snippet:-1","max-image-preview":"max-image-preview:large","max-video-preview":"max-video-preview:-1"},"canonical":"https:\/\/www.rebilrent.com\/es\/rebil-rent\/","og_locale":"es_ES","og_type":"article","og_title":"Empresa - Rebil Rent es","og_url":"https:\/\/www.rebilrent.com\/es\/rebil-rent\/","og_site_name":"Rebil Rent es","article_modified_time":"2022-02-16T11:26:25+00:00","twitter_card":"summary_large_image","twitter_misc":{"Tiempo de lectura":"9 minutos"},"schema":{"@context":"https:\/\/schema.org","@graph":[{"@type":"WebPage","@id":"https:\/\/www.rebilrent.com\/es\/rebil-rent\/","url":"https:\/\/www.rebilrent.com\/es\/rebil-rent\/","name":"Empresa - Rebil Rent es","isPartOf":{"@id":"https:\/\/www.rebilrent.com\/es\/#website"},"datePublished":"2020-02-12T13:45:46+00:00","dateModified":"2022-02-16T11:26:25+00:00","breadcrumb":{"@id":"https:\/\/www.rebilrent.com\/es\/rebil-rent\/#breadcrumb"},"inLanguage":"es","potentialAction":[{"@type":"ReadAction","target":["https:\/\/www.rebilrent.com\/es\/rebil-rent\/"]}]},{"@type":"BreadcrumbList","@id":"https:\/\/www.rebilrent.com\/es\/rebil-rent\/#breadcrumb","itemListElement":[{"@type":"ListItem","position":1,"name":"Portada","item":"https:\/\/www.rebilrent.com\/es\/"},{"@type":"ListItem","position":2,"name":"Empresa"}]},{"@type":"WebSite","@id":"https:\/\/www.rebilrent.com\/es\/#website","url":"https:\/\/www.rebilrent.com\/es\/","name":"Rebil Rent es","description":"Rebilrent","potentialAction":[{"@type":"SearchAction","target":{"@type":"EntryPoint","urlTemplate":"https:\/\/www.rebilrent.com\/es\/?s={search_term_string}"},"query-input":{"@type":"PropertyValueSpecification","valueRequired":true,"valueName":"search_term_string"}}],"inLanguage":"es"}]}},"_links":{"self":[{"href":"https:\/\/www.rebilrent.com\/es\/wp-json\/wp\/v2\/pages\/1160","targetHints":{"allow":["GET"]}}],"collection":[{"href":"https:\/\/www.rebilrent.com\/es\/wp-json\/wp\/v2\/pages"}],"about":[{"href":"https:\/\/www.rebilrent.com\/es\/wp-json\/wp\/v2\/types\/page"}],"author":[{"embeddable":true,"href":"https:\/\/www.rebilrent.com\/es\/wp-json\/wp\/v2\/users\/1"}],"replies":[{"embeddable":true,"href":"https:\/\/www.rebilrent.com\/es\/wp-json\/wp\/v2\/comments?post=1160"}],"version-history":[{"count":25,"href":"https:\/\/www.rebilrent.com\/es\/wp-json\/wp\/v2\/pages\/1160\/revisions"}],"predecessor-version":[{"id":2148,"href":"https:\/\/www.rebilrent.com\/es\/wp-json\/wp\/v2\/pages\/1160\/revisions\/2148"}],"wp:attachment":[{"href":"https:\/\/www.rebilrent.com\/es\/wp-json\/wp\/v2\/media?parent=1160"}],"curies":[{"name":"wp","href":"https:\/\/api.w.org\/{rel}","templated":true}]}}