{"id":1165,"date":"2020-02-12T15:02:15","date_gmt":"2020-02-12T14:02:15","guid":{"rendered":"http:\/\/www.rebilrent.com\/es\/?page_id=1165"},"modified":"2022-01-25T09:56:14","modified_gmt":"2022-01-25T08:56:14","slug":"aviso-legal","status":"publish","type":"page","link":"https:\/\/www.rebilrent.com\/es\/aviso-legal\/","title":{"rendered":"Aviso Legal"},"content":{"rendered":"<div class=\"fusion-fullwidth fullwidth-box fusion-builder-row-1 nonhundred-percent-fullwidth non-hundred-percent-height-scrolling\" style=\"--awb-border-radius-top-left:0px;--awb-border-radius-top-right:0px;--awb-border-radius-bottom-right:0px;--awb-border-radius-bottom-left:0px;--awb-margin-top:145px;--awb-flex-wrap:wrap;\" ><div class=\"fusion-builder-row fusion-row\"><div class=\"fusion-layout-column fusion_builder_column fusion-builder-column-0 fusion_builder_column_1_1 1_1 fusion-one-full fusion-column-first fusion-column-last\" style=\"--awb-bg-size:cover;\"><div class=\"fusion-column-wrapper fusion-flex-column-wrapper-legacy\"><div class=\"fusion-text fusion-text-1\" style=\"--awb-text-transform:none;\"><table border=\"0\" width=\"100%\" cellspacing=\"12\" cellpadding=\"0\">\n<tbody>\n<tr>\n<td><span style=\"color: #8b8b8b; font-family: Verdana;\"><strong>Nombre:<\/strong><\/span><\/td>\n<td><strong><span style=\"color: #333333; font-family: Verdana;\">Renda M\u00f2bil, S.L.<\/span><\/strong><\/td>\n<\/tr>\n<tr>\n<td><span style=\"color: #8b8b8b; font-family: Verdana;\"><strong>Direcci\u00f3n:<\/strong><\/span><\/td>\n<td><span style=\"color: #333333; font-family: Verdana;\">Av.Barcelona 77 BIS<\/span><\/td>\n<\/tr>\n<tr>\n<td><span style=\"color: #8b8b8b; font-family: Verdana;\"><strong>C\u00f3digo Postal:<\/strong><\/span><\/td>\n<td><span style=\"color: #333333; font-family: Verdana;\">08720<\/span><\/td>\n<\/tr>\n<tr>\n<td><span style=\"color: #8b8b8b; font-family: Verdana; font-size: xx-small;\"><strong>Poblaci\u00f3n:<\/strong><\/span><\/td>\n<td><span style=\"color: #333333; font-family: Verdana; font-size: xx-small;\">Vilafranca del Pened\u00e8s (Barcelona)<\/span><\/td>\n<\/tr>\n<tr>\n<td><span style=\"color: #8b8b8b; font-family: Verdana;\"><strong>Tel\u00e9fono \/ FAX:<\/strong><\/span><\/td>\n<td><span style=\"color: #333333; font-family: Verdana;\">+34 902 12 30 12<\/span><\/td>\n<\/tr>\n<tr>\n<td><span style=\"color: #8b8b8b; font-family: Verdana;\"><strong>E-mail:<\/strong><\/span><\/td>\n<td><span style=\"color: #333333; font-family: Verdana;\"><a href=\"mailto:info@rebilrent.com\">info@rebilrent.com<\/a><\/span><\/td>\n<\/tr>\n<tr>\n<td colspan=\"2\">\n<p align=\"justify\"><span style=\"color: #8b8b8b; font-family: Verdana;\"><strong>Aviso legal<\/strong><br \/>Las marcas, logos, dise\u00f1o gr\u00e1fico, arquitectura de informaci\u00f3n, bases de datos, \u00edndices y c\u00f3digo fuente en lenguaje HTML o JavaScript, incluidos son propiedad de la empresa propietaria de este sitio web Este web o cualquier parte de la misma no podr\u00e1 ser reproducida, duplicada, copiada, comercializada, revendida ni utilizada con fines comerciales, si la empresa propietaria de este sitio web no otorga su consentimiento expl\u00edcito. La responsabilidad derivada de utilizar materiales protegidos por los derechos de la Propiedad Intelectual que aparecen ser\u00e1 responsabilidad exclusiva del usuario.<br \/>La infracci\u00f3n de los Derechos de marca, propiedad de la empresa propietaria de este sitio web, comportar\u00e1 la persecuci\u00f3n civil y, en su caso, penal en virtud de las leyes y tratados internacionales vigentes.<\/span><\/p>\n<\/td>\n<\/tr>\n<tr>\n<td colspan=\"2\" align=\"justify\">\n<p align=\"justify\"><span style=\"color: #8b8b8b; font-family: Verdana;\"><strong>Pol\u00edtica de privacidad de datos<\/strong><br \/>Conficencialidad<br \/>La empresa propietaria de este sitio web, se compromete a mantener todos los datos que nos facilitan nuestros usuarios en la m\u00e1xima confidencialidad y a no suministrarlos a terceras partes, de acuerdo con los principios de protecci\u00f3n de datos de caracter personal de la LOPD (Ley Org\u00e1nica 15\/1999, del 13 de diciembre) En algunos servicios, que ofrecen la opci\u00f3n de rellenar un formulario, solicitamos alguno de los datos anteriores con la \u00fanica finalidad de poder ofrecerle una mejor atenci\u00f3n.<br \/>Cualquier dato que nos facilite recibe las mismas condiciones de confidencialidad.<\/span><\/p>\n<\/td>\n<\/tr>\n<\/tbody>\n<\/table>\n<\/div><div class=\"fusion-clearfix\"><\/div><\/div><\/div><\/div><\/div>\n","protected":false},"excerpt":{"rendered":"","protected":false},"author":1,"featured_media":0,"parent":0,"menu_order":0,"comment_status":"closed","ping_status":"closed","template":"","meta":{"_joinchat":[],"footnotes":""},"class_list":["post-1165","page","type-page","status-publish","hentry"],"yoast_head":"<!-- This site is optimized with the Yoast SEO plugin v27.5 - https:\/\/yoast.com\/product\/yoast-seo-wordpress\/ -->\n<title>Aviso Legal - Rebil Rent es<\/title>\n<meta name=\"robots\" content=\"index, follow, max-snippet:-1, max-image-preview:large, max-video-preview:-1\" \/>\n<link rel=\"canonical\" href=\"https:\/\/www.rebilrent.com\/es\/aviso-legal\/\" \/>\n<meta property=\"og:locale\" content=\"es_ES\" \/>\n<meta property=\"og:type\" content=\"article\" \/>\n<meta property=\"og:title\" content=\"Aviso Legal - Rebil Rent es\" \/>\n<meta property=\"og:url\" content=\"https:\/\/www.rebilrent.com\/es\/aviso-legal\/\" \/>\n<meta property=\"og:site_name\" content=\"Rebil Rent es\" \/>\n<meta property=\"article:modified_time\" content=\"2022-01-25T08:56:14+00:00\" \/>\n<meta name=\"twitter:card\" content=\"summary_large_image\" \/>\n<meta name=\"twitter:label1\" content=\"Tiempo de lectura\" \/>\n\t<meta name=\"twitter:data1\" content=\"3 minutos\" \/>\n<script type=\"application\/ld+json\" class=\"yoast-schema-graph\">{\"@context\":\"https:\\\/\\\/schema.org\",\"@graph\":[{\"@type\":\"WebPage\",\"@id\":\"https:\\\/\\\/www.rebilrent.com\\\/es\\\/aviso-legal\\\/\",\"url\":\"https:\\\/\\\/www.rebilrent.com\\\/es\\\/aviso-legal\\\/\",\"name\":\"Aviso Legal - Rebil Rent es\",\"isPartOf\":{\"@id\":\"https:\\\/\\\/www.rebilrent.com\\\/es\\\/#website\"},\"datePublished\":\"2020-02-12T14:02:15+00:00\",\"dateModified\":\"2022-01-25T08:56:14+00:00\",\"breadcrumb\":{\"@id\":\"https:\\\/\\\/www.rebilrent.com\\\/es\\\/aviso-legal\\\/#breadcrumb\"},\"inLanguage\":\"es\",\"potentialAction\":[{\"@type\":\"ReadAction\",\"target\":[\"https:\\\/\\\/www.rebilrent.com\\\/es\\\/aviso-legal\\\/\"]}]},{\"@type\":\"BreadcrumbList\",\"@id\":\"https:\\\/\\\/www.rebilrent.com\\\/es\\\/aviso-legal\\\/#breadcrumb\",\"itemListElement\":[{\"@type\":\"ListItem\",\"position\":1,\"name\":\"Portada\",\"item\":\"https:\\\/\\\/www.rebilrent.com\\\/es\\\/\"},{\"@type\":\"ListItem\",\"position\":2,\"name\":\"Aviso Legal\"}]},{\"@type\":\"WebSite\",\"@id\":\"https:\\\/\\\/www.rebilrent.com\\\/es\\\/#website\",\"url\":\"https:\\\/\\\/www.rebilrent.com\\\/es\\\/\",\"name\":\"Rebil Rent es\",\"description\":\"Rebilrent\",\"potentialAction\":[{\"@type\":\"SearchAction\",\"target\":{\"@type\":\"EntryPoint\",\"urlTemplate\":\"https:\\\/\\\/www.rebilrent.com\\\/es\\\/?s={search_term_string}\"},\"query-input\":{\"@type\":\"PropertyValueSpecification\",\"valueRequired\":true,\"valueName\":\"search_term_string\"}}],\"inLanguage\":\"es\"}]}<\/script>\n<!-- \/ Yoast SEO plugin. -->","yoast_head_json":{"title":"Aviso Legal - Rebil Rent es","robots":{"index":"index","follow":"follow","max-snippet":"max-snippet:-1","max-image-preview":"max-image-preview:large","max-video-preview":"max-video-preview:-1"},"canonical":"https:\/\/www.rebilrent.com\/es\/aviso-legal\/","og_locale":"es_ES","og_type":"article","og_title":"Aviso Legal - Rebil Rent es","og_url":"https:\/\/www.rebilrent.com\/es\/aviso-legal\/","og_site_name":"Rebil Rent es","article_modified_time":"2022-01-25T08:56:14+00:00","twitter_card":"summary_large_image","twitter_misc":{"Tiempo de lectura":"3 minutos"},"schema":{"@context":"https:\/\/schema.org","@graph":[{"@type":"WebPage","@id":"https:\/\/www.rebilrent.com\/es\/aviso-legal\/","url":"https:\/\/www.rebilrent.com\/es\/aviso-legal\/","name":"Aviso Legal - Rebil Rent es","isPartOf":{"@id":"https:\/\/www.rebilrent.com\/es\/#website"},"datePublished":"2020-02-12T14:02:15+00:00","dateModified":"2022-01-25T08:56:14+00:00","breadcrumb":{"@id":"https:\/\/www.rebilrent.com\/es\/aviso-legal\/#breadcrumb"},"inLanguage":"es","potentialAction":[{"@type":"ReadAction","target":["https:\/\/www.rebilrent.com\/es\/aviso-legal\/"]}]},{"@type":"BreadcrumbList","@id":"https:\/\/www.rebilrent.com\/es\/aviso-legal\/#breadcrumb","itemListElement":[{"@type":"ListItem","position":1,"name":"Portada","item":"https:\/\/www.rebilrent.com\/es\/"},{"@type":"ListItem","position":2,"name":"Aviso Legal"}]},{"@type":"WebSite","@id":"https:\/\/www.rebilrent.com\/es\/#website","url":"https:\/\/www.rebilrent.com\/es\/","name":"Rebil Rent es","description":"Rebilrent","potentialAction":[{"@type":"SearchAction","target":{"@type":"EntryPoint","urlTemplate":"https:\/\/www.rebilrent.com\/es\/?s={search_term_string}"},"query-input":{"@type":"PropertyValueSpecification","valueRequired":true,"valueName":"search_term_string"}}],"inLanguage":"es"}]}},"_links":{"self":[{"href":"https:\/\/www.rebilrent.com\/es\/wp-json\/wp\/v2\/pages\/1165","targetHints":{"allow":["GET"]}}],"collection":[{"href":"https:\/\/www.rebilrent.com\/es\/wp-json\/wp\/v2\/pages"}],"about":[{"href":"https:\/\/www.rebilrent.com\/es\/wp-json\/wp\/v2\/types\/page"}],"author":[{"embeddable":true,"href":"https:\/\/www.rebilrent.com\/es\/wp-json\/wp\/v2\/users\/1"}],"replies":[{"embeddable":true,"href":"https:\/\/www.rebilrent.com\/es\/wp-json\/wp\/v2\/comments?post=1165"}],"version-history":[{"count":6,"href":"https:\/\/www.rebilrent.com\/es\/wp-json\/wp\/v2\/pages\/1165\/revisions"}],"predecessor-version":[{"id":2050,"href":"https:\/\/www.rebilrent.com\/es\/wp-json\/wp\/v2\/pages\/1165\/revisions\/2050"}],"wp:attachment":[{"href":"https:\/\/www.rebilrent.com\/es\/wp-json\/wp\/v2\/media?parent=1165"}],"curies":[{"name":"wp","href":"https:\/\/api.w.org\/{rel}","templated":true}]}}